{"id":10,"date":"2014-10-08T15:38:04","date_gmt":"2014-10-08T15:38:04","guid":{"rendered":"http:\/\/tierrasdelplata.com\/test\/?page_id=10"},"modified":"2018-03-15T17:06:22","modified_gmt":"2018-03-15T17:06:22","slug":"el-lugar","status":"publish","type":"page","link":"http:\/\/tierrasdelplata.com.ar\/?page_id=10","title":{"rendered":"El Lugar"},"content":{"rendered":"<div class=\"pixcode  pixcode--grid  grid  \">\n\n<div class=\"grid__item six-twelfths palm-one-whole \">\n\n<p style=\"text-align: center;\"><hgroup class=\"pixcode  pixcode--heading article__headline\">\n\t<h2 class=\"headline__secondary\"><span class=\"first-letter\">E<\/span>l lugar<\/h2>\n\t<h1 class=\"headline__primary\">Instalaciones<\/h1>\n<\/hgroup>\n<p style=\"text-align: center;\"><div class=\"pixcode  pixcode--separator  separator separator--flower\">&#10043;<\/div>\n\n<p style=\"text-align: center;\"><strong>10.000 m2 DE PARQUES Y JARDINES CON LAGUNAS DECORATIVAS<\/strong><br \/>\nSituado a s\u00f3lo 20 min. de la Ciudad de Mendoza, en nuestra casa estilo tex-mex de 600 m2 cubiertos encontr\u00e1s 2 salones ideados para las necesidades de tu evento. Cuenta con estacionamiento propio en interior del predio para 150 veh\u00edculos, ba\u00f1os para discapacitados y de uso familiar.<\/p>\n\n<\/div>\n\n<div class=\"grid__item six-twelfths palm-one-whole \">\n\n<p><iframe loading=\"lazy\" title=\"Highlights tierra del plata\" src=\"https:\/\/player.vimeo.com\/video\/259884345?dnt=1&amp;app_id=122963\" width=\"500\" height=\"281\" frameborder=\"0\" allow=\"autoplay; fullscreen; picture-in-picture; clipboard-write\"><\/iframe><\/p>\n\n<\/div>\n\n\n<\/div>\n\n<hr class=\"pixcode  pixcode--separator  separator separator--line\"\/>\n<div class=\"pixcode  pixcode--grid  grid  \">\n\n<div class=\"grid__item six-twelfths palm-one-whole promo-box__container\">\n\n<p style=\"text-align: center;\"><strong>TODO PENSADO DE ANTEMANO PARA QUE NO TE FALTE NADA<\/strong><br \/>\nNuestro mobiliario completo (mesas, sillas, manteler\u00eda, cubiertos y critaler\u00eda) se integra con nuestros servicios t\u00e9cnicos de \u00faltima generaci\u00f3n (sonido, proyecci\u00f3n, luces de ambientaci\u00f3n por led y r\u00edtmicas) adem\u00e1s de equipos generadores de energ\u00eda propios.<\/p>\n<p style=\"text-align: center;\"><img loading=\"lazy\" decoding=\"async\" class=\"size-full wp-image-149 aligncenter\" src=\"http:\/\/tierrasdelplata.com.ar\/wp-content\/uploads\/2014\/10\/iconos_salones.png\" alt=\"iconos_salones\" width=\"260\" height=\"67\" \/><\/p>\n<p style=\"text-align: center;\">\n<\/div>\n\n<div class=\"grid__item six-twelfths palm-one-whole \">\n\n<hgroup class=\"pixcode  pixcode--heading article__headline\">\n\t<h2 class=\"headline__secondary\"><span class=\"first-letter\">N<\/span>uestros <\/h2>\n\t<h1 class=\"headline__primary\">Salones<\/h1>\n<\/hgroup>\n<div class=\"pixcode  pixcode--separator  separator separator--flower\">&#10043;<\/div>\n\n<p style=\"text-align: center;\"><strong>SAL\u00d3N TIERRAS DEL PLATA:<\/strong><br \/>\nPara grandes momentos, con capacidad interior para 280 personas + 150 personas en galer\u00edas (techadas) + 500 personas en jardines.<br \/>\n<strong>SAL\u00d3N EJECUTIVO:<\/strong><br \/>\nPara instancias privadas e \u00edntimas con capacidad de 12 personas.<\/p>\n\n<\/div>\n\n\n<\/div>\n\n","protected":false},"excerpt":{"rendered":"","protected":false},"author":1,"featured_media":629,"parent":23,"menu_order":1,"comment_status":"closed","ping_status":"closed","template":"","meta":{"footnotes":""},"class_list":["post-10","page","type-page","status-publish","has-post-thumbnail","hentry"],"_links":{"self":[{"href":"http:\/\/tierrasdelplata.com.ar\/index.php?rest_route=\/wp\/v2\/pages\/10","targetHints":{"allow":["GET"]}}],"collection":[{"href":"http:\/\/tierrasdelplata.com.ar\/index.php?rest_route=\/wp\/v2\/pages"}],"about":[{"href":"http:\/\/tierrasdelplata.com.ar\/index.php?rest_route=\/wp\/v2\/types\/page"}],"author":[{"embeddable":true,"href":"http:\/\/tierrasdelplata.com.ar\/index.php?rest_route=\/wp\/v2\/users\/1"}],"replies":[{"embeddable":true,"href":"http:\/\/tierrasdelplata.com.ar\/index.php?rest_route=%2Fwp%2Fv2%2Fcomments&post=10"}],"version-history":[{"count":2,"href":"http:\/\/tierrasdelplata.com.ar\/index.php?rest_route=\/wp\/v2\/pages\/10\/revisions"}],"predecessor-version":[{"id":624,"href":"http:\/\/tierrasdelplata.com.ar\/index.php?rest_route=\/wp\/v2\/pages\/10\/revisions\/624"}],"up":[{"embeddable":true,"href":"http:\/\/tierrasdelplata.com.ar\/index.php?rest_route=\/wp\/v2\/pages\/23"}],"wp:featuredmedia":[{"embeddable":true,"href":"http:\/\/tierrasdelplata.com.ar\/index.php?rest_route=\/wp\/v2\/media\/629"}],"wp:attachment":[{"href":"http:\/\/tierrasdelplata.com.ar\/index.php?rest_route=%2Fwp%2Fv2%2Fmedia&parent=10"}],"curies":[{"name":"wp","href":"https:\/\/api.w.org\/{rel}","templated":true}]}}