{"id":17,"date":"2014-10-08T15:40:12","date_gmt":"2014-10-08T15:40:12","guid":{"rendered":"http:\/\/tierrasdelplata.com\/test\/?page_id=17"},"modified":"2015-02-19T20:51:19","modified_gmt":"2015-02-19T20:51:19","slug":"otros-servicios","status":"publish","type":"page","link":"https:\/\/tierrasdelplata.com.ar\/?page_id=17","title":{"rendered":"Otros servicios"},"content":{"rendered":"<p style=\"text-align: center;\"><div class=\"pixcode  pixcode--grid  grid  \">\n\n<p style=\"text-align: center;\"><div class=\"grid__item two-twelfths palm-one-whole \">\n\n<p style=\"text-align: center;\"><img decoding=\"async\" src=\"http:\/\/tierrasdelplata.com.ar\/wp-content\/uploads\/2014\/10\/catering.png\" alt=\"\" \/><\/p>\n<p style=\"text-align: center;\">CATERING<\/p>\n<p style=\"text-align: center;\">\n<\/div>\n\n<p style=\"text-align: center;\"><div class=\"grid__item two-twelfths palm-one-whole \">\n\n<p style=\"text-align: center;\"><img decoding=\"async\" src=\"http:\/\/tierrasdelplata.com.ar\/wp-content\/uploads\/2014\/10\/vigilancia1.png\" alt=\"\" \/><\/p>\n<p style=\"text-align: center;\">VIGILANCIA<\/p>\n<p style=\"text-align: center;\">\n<\/div>\n\n<p style=\"text-align: center;\"><div class=\"grid__item two-twelfths palm-one-whole \">\n\n<p style=\"text-align: center;\"><img decoding=\"async\" src=\"http:\/\/tierrasdelplata.com.ar\/wp-content\/uploads\/2014\/10\/sonido.png\" alt=\"\" \/><\/p>\n<p style=\"text-align: center;\">SONIDO \/ DJ<\/p>\n<p style=\"text-align: center;\">\n<\/div>\n\n<p style=\"text-align: center;\"><div class=\"grid__item two-twelfths palm-one-whole \">\n\n<p style=\"text-align: center;\"><img decoding=\"async\" src=\"http:\/\/tierrasdelplata.com.ar\/wp-content\/uploads\/2014\/10\/proyector.png\" alt=\"\" \/><\/p>\n<p style=\"text-align: center;\">PROYECTOR HD<\/p>\n<p style=\"text-align: center;\">\n<\/div>\n\n<p style=\"text-align: center;\"><div class=\"grid__item two-twelfths palm-one-whole \">\n\n<p style=\"text-align: center;\"><img decoding=\"async\" src=\"http:\/\/tierrasdelplata.com.ar\/wp-content\/uploads\/2014\/10\/microfonos.png\" alt=\"\" \/><\/p>\n<p style=\"text-align: center;\">MICR\u00d3FONOS<\/p>\n<p style=\"text-align: center;\">\n<\/div>\n\n<p style=\"text-align: center;\"><div class=\"grid__item two-twelfths palm-one-whole \">\n\n<p style=\"text-align: center;\"><img decoding=\"async\" src=\"http:\/\/tierrasdelplata.com.ar\/wp-content\/uploads\/2014\/10\/auditorio1.png\" alt=\"\" \/><\/p>\n<p style=\"text-align: center;\">AUDITORIO<\/p>\n<p style=\"text-align: center;\">\n<\/div>\n\n<p style=\"text-align: center;\">\n<\/div>\n\n<p style=\"text-align: center;\"><hr class=\"pixcode  pixcode--separator  separator separator--line\"\/>\n\n<p style=\"text-align: center;\"><div class=\"pixcode  pixcode--grid  grid  \">\n\n<p style=\"text-align: center;\"><div class=\"grid__item two-twelfths palm-one-whole \">\n\n<p style=\"text-align: center;\"><img decoding=\"async\" src=\"http:\/\/tierrasdelplata.com.ar\/wp-content\/uploads\/2014\/10\/sanitarios.png\" alt=\"\" \/><\/p>\n<p style=\"text-align: center;\">SANITARIOS<\/p>\n<p style=\"text-align: center;\">\n<\/div>\n\n<p style=\"text-align: center;\"><div class=\"grid__item two-twelfths palm-one-whole \">\n\n<p style=\"text-align: center;\"><img decoding=\"async\" src=\"http:\/\/tierrasdelplata.com.ar\/wp-content\/uploads\/2014\/10\/parque.png\" alt=\"\" \/><\/p>\n<p style=\"text-align: center;\">PARQUE<\/p>\n<p style=\"text-align: center;\">\n<\/div>\n\n<p style=\"text-align: center;\"><div class=\"grid__item two-twelfths palm-one-whole \">\n\n<p style=\"text-align: center;\"><img decoding=\"async\" src=\"http:\/\/tierrasdelplata.com.ar\/wp-content\/uploads\/2014\/10\/ambientaciones.png\" alt=\"\" \/><\/p>\n<p style=\"text-align: center;\">AMBIENTACIONES<\/p>\n<p style=\"text-align: center;\">\n<\/div>\n\n<p style=\"text-align: center;\"><div class=\"grid__item two-twelfths palm-one-whole \">\n\n<p style=\"text-align: center;\"><img decoding=\"async\" src=\"http:\/\/tierrasdelplata.com.ar\/wp-content\/uploads\/2014\/10\/gasebo.png\" alt=\"\" \/><\/p>\n<p style=\"text-align: center;\">GAZEBO DE DURMIENTES<\/p>\n<p style=\"text-align: center;\">\n<\/div>\n\n<p style=\"text-align: center;\"><div class=\"grid__item two-twelfths palm-one-whole \">\n\n<p style=\"text-align: center;\"><img decoding=\"async\" src=\"http:\/\/tierrasdelplata.com.ar\/wp-content\/uploads\/2014\/10\/mobiliario.png\" alt=\"\" \/><\/p>\n<p style=\"text-align: center;\">MOBILIARIO<\/p>\n<p style=\"text-align: center;\">\n<\/div>\n\n<p style=\"text-align: center;\">\n<\/div>\n\n<p style=\"text-align: left;\"><hr class=\"pixcode  pixcode--separator  separator separator--line\"\/>\n\n<p style=\"text-align: left;\"><div class=\"pixcode  pixcode--grid  grid  \">\n\n<p style=\"text-align: left;\"><div class=\"grid__item six-twelfths palm-one-whole \">\n\n<p style=\"text-align: left;\">1) Catering completo (servicio de comidas, mesas de dulce y salados, barra de tragos y varios)<\/p>\n<p>2) Servicio de vigilancia propio.<\/p>\n<p>3) Sonido de \u00faltima generaci\u00f3n (6 cajas RCF a\u00e9reas) con la misma intensidad ac\u00fastica en todos los sectores y DJ propio.<\/p>\n<p>4) Proyectores a\u00e9reos HD ( 3 ) con sus respectivas pantallas, d\u00e1ndole al invitado una visual perfecta desde cualquier sector<\/p>\n<p>5) Micr\u00f3fonos inal\u00e1mbricos con sus respectivos pies de altura o de escritorio (tipo conferencia) y micr\u00f3fonos inal\u00e1mbricos solaperos.<\/p>\n<p>6) Equipamiento para auditorio de hasta 300 personas (mesa de disertantes, sillas blancas con almohadones de cuero, pasillo central y laterales).<\/p>\n<p style=\"text-align: left;\">\n<\/div>\n\n<p style=\"text-align: left;\"><div class=\"grid__item six-twelfths palm-one-whole \">\n\n<p style=\"text-align: left;\">7) Acceso a sanitarios, tanto interior como exterior (personal de limpieza permanente).<\/p>\n<p>8) Sectores de parque destinados a armado de carpas, gazebos y estructuras port\u00e1tiles (hasta 1.000 m2 ) para eventuales desarrollos de presentaciones, espacios de ocio y ambientaciones especiales.<\/p>\n<p>9) Gacebo constru\u00eddo en durmientes para casamientos civiles como tambi\u00e9n para espacios de privacidad incorporando mobiliario acorde (sillones y mesas).<\/p>\n<p>10) Servicio intergral de ambientaciones, dependiendo de la necesidad del evento: conferencias, lanzamiento de prodcutos, reuniones corporativas, fiestas privadas o casamientos.<\/p>\n<p style=\"text-align: left;\">\n<\/div>\n\n<p style=\"text-align: left;\">\n<\/div>\n\n","protected":false},"excerpt":{"rendered":"","protected":false},"author":1,"featured_media":154,"parent":0,"menu_order":0,"comment_status":"closed","ping_status":"closed","template":"","meta":{"footnotes":""},"class_list":["post-17","page","type-page","status-publish","has-post-thumbnail","hentry"],"_links":{"self":[{"href":"https:\/\/tierrasdelplata.com.ar\/index.php?rest_route=\/wp\/v2\/pages\/17","targetHints":{"allow":["GET"]}}],"collection":[{"href":"https:\/\/tierrasdelplata.com.ar\/index.php?rest_route=\/wp\/v2\/pages"}],"about":[{"href":"https:\/\/tierrasdelplata.com.ar\/index.php?rest_route=\/wp\/v2\/types\/page"}],"author":[{"embeddable":true,"href":"https:\/\/tierrasdelplata.com.ar\/index.php?rest_route=\/wp\/v2\/users\/1"}],"replies":[{"embeddable":true,"href":"https:\/\/tierrasdelplata.com.ar\/index.php?rest_route=%2Fwp%2Fv2%2Fcomments&post=17"}],"version-history":[{"count":2,"href":"https:\/\/tierrasdelplata.com.ar\/index.php?rest_route=\/wp\/v2\/pages\/17\/revisions"}],"predecessor-version":[{"id":503,"href":"https:\/\/tierrasdelplata.com.ar\/index.php?rest_route=\/wp\/v2\/pages\/17\/revisions\/503"}],"wp:featuredmedia":[{"embeddable":true,"href":"https:\/\/tierrasdelplata.com.ar\/index.php?rest_route=\/wp\/v2\/media\/154"}],"wp:attachment":[{"href":"https:\/\/tierrasdelplata.com.ar\/index.php?rest_route=%2Fwp%2Fv2%2Fmedia&parent=17"}],"curies":[{"name":"wp","href":"https:\/\/api.w.org\/{rel}","templated":true}]}}